{"id":14234,"date":"2025-04-28T18:21:41","date_gmt":"2025-04-28T16:21:41","guid":{"rendered":"https:\/\/vicioilmastropastaio.com\/?post_type=product&#038;p=14234"},"modified":"2025-04-29T13:12:32","modified_gmt":"2025-04-29T11:12:32","slug":"culurgiones-ogliastrini-met-ragu-copy-copy-copy-copy-copy-copy-copy-copy","status":"publish","type":"product","link":"https:\/\/vicioilmastropastaio.com\/nl\/prodotto\/culurgiones-ogliastrini-met-ragu-copy-copy-copy-copy-copy-copy-copy-copy\/","title":{"rendered":"Culurgiones Ogliastrini met Rag\u00f9 (Copy) (Copy) (Copy) (Copy) (Copy) (Copy) (Copy) (Copy)"},"content":{"rendered":"<p>E\u00e9n voor \u00e9\u00e9n met de hand verzegeld door Vicio, deze verfijnde ravioli zijn vervaardigd in de delicate vorm van een tarweaar. Ze zijn royaal gevuld met een zachte mix van aardappel met een vleugje munt en pecorinokaas, wat een unieke en smaakvolle ervaring biedt.<\/p>\n<p>Geserveerd met een rijke runderragout, geaccentueerd door aromatische wilde venkelzaadjes en afgewerkt met een vleugje pecorinokaas, combineert dit gerecht traditioneel vakmanschap met een uitzonderlijke smaak.<\/p>\n","protected":false},"excerpt":{"rendered":"<p>Ravioli met de hand verzegeld, \u00e9\u00e9n voor \u00e9\u00e9n door Vicio, in de vorm van een tarweaar, gevuld met munt-aardappel-pecorinokaas, op smaak gebracht met runderragout, wilde venkelzaadjes en pecorinokaas.<\/p>\n","protected":false},"featured_media":14236,"template":"","meta":{"_acf_changed":false},"product_brand":[],"product_cat":[105],"product_tag":[],"class_list":{"0":"post-14234","1":"product","2":"type-product","3":"status-publish","4":"has-post-thumbnail","6":"product_cat-verse-pasta-ongekookt","8":"first","9":"instock","10":"taxable","11":"shipping-taxable","12":"purchasable","13":"product-type-simple"},"acf":[],"_links":{"self":[{"href":"https:\/\/vicioilmastropastaio.com\/nl\/wp-json\/wp\/v2\/product\/14234","targetHints":{"allow":["GET"]}}],"collection":[{"href":"https:\/\/vicioilmastropastaio.com\/nl\/wp-json\/wp\/v2\/product"}],"about":[{"href":"https:\/\/vicioilmastropastaio.com\/nl\/wp-json\/wp\/v2\/types\/product"}],"wp:featuredmedia":[{"embeddable":true,"href":"https:\/\/vicioilmastropastaio.com\/nl\/wp-json\/wp\/v2\/media\/14236"}],"wp:attachment":[{"href":"https:\/\/vicioilmastropastaio.com\/nl\/wp-json\/wp\/v2\/media?parent=14234"}],"wp:term":[{"taxonomy":"product_brand","embeddable":true,"href":"https:\/\/vicioilmastropastaio.com\/nl\/wp-json\/wp\/v2\/product_brand?post=14234"},{"taxonomy":"product_cat","embeddable":true,"href":"https:\/\/vicioilmastropastaio.com\/nl\/wp-json\/wp\/v2\/product_cat?post=14234"},{"taxonomy":"product_tag","embeddable":true,"href":"https:\/\/vicioilmastropastaio.com\/nl\/wp-json\/wp\/v2\/product_tag?post=14234"}],"curies":[{"name":"wp","href":"https:\/\/api.w.org\/{rel}","templated":true}]}}