{"id":13947,"date":"2023-12-27T18:23:00","date_gmt":"2023-12-27T16:23:00","guid":{"rendered":"https:\/\/vicioilmastropastaio.com\/prodotto\/pistacchiomisu\/"},"modified":"2023-12-27T18:23:00","modified_gmt":"2023-12-27T16:23:00","slug":"pistacchiomisu","status":"publish","type":"product","link":"https:\/\/vicioilmastropastaio.com\/nl\/prodotto\/pistacchiomisu\/","title":{"rendered":"Pistacchiomis\u00f9"},"content":{"rendered":"<p>Ervaar een Siciliaanse twist op de klassieke Tiramis\u00f9 met onze Pistacchiomis\u00f9. Lagen van in koffie gedrenkte lange vingers en romige mascarpone zijn doordrenkt met de rijke en nootachtige smaken van Siciliaanse pistachenoten. Geniet van de decadentie van deze Siciliaanse favoriet.  <\/p>\n","protected":false},"excerpt":{"rendered":"<p>Een heerlijke variatie op de klassieke Tiramis\u00f9. Lange vingers (Savoiardi), afgekoelde espressokoffie, mascarpone, eieren, suiker, pistache en cacaopoeder ter garnering. <\/p>\n","protected":false},"featured_media":13558,"template":"","meta":{"_acf_changed":false},"product_brand":[],"product_cat":[92],"product_tag":[],"class_list":{"0":"post-13947","1":"product","2":"type-product","3":"status-publish","4":"has-post-thumbnail","6":"product_cat-taarten-desserts","8":"first","9":"instock","10":"taxable","11":"shipping-taxable","12":"purchasable","13":"product-type-simple"},"acf":[],"_links":{"self":[{"href":"https:\/\/vicioilmastropastaio.com\/nl\/wp-json\/wp\/v2\/product\/13947","targetHints":{"allow":["GET"]}}],"collection":[{"href":"https:\/\/vicioilmastropastaio.com\/nl\/wp-json\/wp\/v2\/product"}],"about":[{"href":"https:\/\/vicioilmastropastaio.com\/nl\/wp-json\/wp\/v2\/types\/product"}],"wp:featuredmedia":[{"embeddable":true,"href":"https:\/\/vicioilmastropastaio.com\/nl\/wp-json\/wp\/v2\/media\/13558"}],"wp:attachment":[{"href":"https:\/\/vicioilmastropastaio.com\/nl\/wp-json\/wp\/v2\/media?parent=13947"}],"wp:term":[{"taxonomy":"product_brand","embeddable":true,"href":"https:\/\/vicioilmastropastaio.com\/nl\/wp-json\/wp\/v2\/product_brand?post=13947"},{"taxonomy":"product_cat","embeddable":true,"href":"https:\/\/vicioilmastropastaio.com\/nl\/wp-json\/wp\/v2\/product_cat?post=13947"},{"taxonomy":"product_tag","embeddable":true,"href":"https:\/\/vicioilmastropastaio.com\/nl\/wp-json\/wp\/v2\/product_tag?post=13947"}],"curies":[{"name":"wp","href":"https:\/\/api.w.org\/{rel}","templated":true}]}}